{"id":110,"date":"2024-05-16T20:04:40","date_gmt":"2024-05-16T18:04:40","guid":{"rendered":"https:\/\/petar-zrinski-edukacija.com\/sipekdamir\/?page_id=110"},"modified":"2024-07-07T18:41:38","modified_gmt":"2024-07-07T16:41:38","slug":"usluge","status":"publish","type":"page","link":"https:\/\/artcom.hr\/en\/usluge\/","title":{"rendered":"Services"},"content":{"rendered":"<div data-elementor-type=\"wp-page\" data-elementor-id=\"110\" class=\"elementor elementor-110\">\n\t\t\t\t<div class=\"elementor-element elementor-element-23b2c73 e-flex e-con-boxed e-con e-parent\" data-id=\"23b2c73\" data-element_type=\"container\" data-e-type=\"container\" data-settings=\"{&quot;background_background&quot;:&quot;classic&quot;}\">\n\t\t\t\t\t<div class=\"e-con-inner\">\n\t\t\t\t<div class=\"elementor-element elementor-element-1e92506b elementor-widget elementor-widget-heading\" data-id=\"1e92506b\" data-element_type=\"widget\" data-e-type=\"widget\" data-widget_type=\"heading.default\">\n\t\t\t\t<div class=\"elementor-widget-container\">\n\t\t\t\t\t<h1 class=\"elementor-heading-title elementor-size-default\">Usluge koje pru\u017eamo<\/h1>\t\t\t\t<\/div>\n\t\t\t\t<\/div>\n\t\t\t\t\t<\/div>\n\t\t\t\t<\/div>\n\t\t<div class=\"elementor-element elementor-element-f1d893f e-flex e-con-boxed e-con e-parent\" data-id=\"f1d893f\" data-element_type=\"container\" data-e-type=\"container\">\n\t\t\t\t\t<div class=\"e-con-inner\">\n\t\t<div class=\"elementor-element elementor-element-b839063 e-con-full e-flex e-con e-child\" data-id=\"b839063\" data-element_type=\"container\" data-e-type=\"container\">\n\t\t\t\t<div class=\"elementor-element elementor-element-3ce1f04 elementor-invisible elementor-widget elementor-widget-image\" data-id=\"3ce1f04\" data-element_type=\"widget\" data-e-type=\"widget\" data-settings=\"{&quot;_animation&quot;:&quot;fadeInLeft&quot;}\" data-widget_type=\"image.default\">\n\t\t\t\t<div class=\"elementor-widget-container\">\n\t\t\t\t\t\t\t\t\t\t\t\t\t\t\t<img fetchpriority=\"high\" decoding=\"async\" width=\"1024\" height=\"577\" src=\"https:\/\/artcom.hr\/wp-content\/uploads\/2024\/06\/web-dizajn-1024x577.webp\" class=\"attachment-large size-large wp-image-468\" alt=\"- Artcom\" srcset=\"https:\/\/artcom.hr\/wp-content\/uploads\/2024\/06\/web-dizajn-1024x577.webp 1024w, https:\/\/artcom.hr\/wp-content\/uploads\/2024\/06\/web-dizajn-600x338.webp 600w, https:\/\/artcom.hr\/wp-content\/uploads\/2024\/06\/web-dizajn-300x169.webp 300w, https:\/\/artcom.hr\/wp-content\/uploads\/2024\/06\/web-dizajn-768x433.webp 768w, https:\/\/artcom.hr\/wp-content\/uploads\/2024\/06\/web-dizajn-1536x865.webp 1536w, https:\/\/artcom.hr\/wp-content\/uploads\/2024\/06\/web-dizajn-18x10.webp 18w, https:\/\/artcom.hr\/wp-content\/uploads\/2024\/06\/web-dizajn.webp 1640w\" sizes=\"(max-width: 1024px) 100vw, 1024px\" title=\"Artcom\">\t\t\t\t\t\t\t\t\t\t\t\t\t\t\t<\/div>\n\t\t\t\t<\/div>\n\t\t\t\t<\/div>\n\t\t<div class=\"elementor-element elementor-element-c091c91 e-con-full e-flex e-con e-child\" data-id=\"c091c91\" data-element_type=\"container\" data-e-type=\"container\">\n\t\t\t\t<div class=\"elementor-element elementor-element-4d93717 elementor-widget elementor-widget-heading\" data-id=\"4d93717\" data-element_type=\"widget\" data-e-type=\"widget\" data-widget_type=\"heading.default\">\n\t\t\t\t<div class=\"elementor-widget-container\">\n\t\t\t\t\t<h2 class=\"elementor-heading-title elementor-size-default\">Izrada WEB stranica<\/h2>\t\t\t\t<\/div>\n\t\t\t\t<\/div>\n\t\t\t\t<div class=\"elementor-element elementor-element-c5442c6 elementor-widget elementor-widget-text-editor\" data-id=\"c5442c6\" data-element_type=\"widget\" data-e-type=\"widget\" data-widget_type=\"text-editor.default\">\n\t\t\t\t<div class=\"elementor-widget-container\">\n\t\t\t\t\t\t\t\t\t<p>Osmisliti i kreirati \u0107emo va\u0161 virtulni poslovni prostor. Neka va\u0161i klijenti ili kupci steknu dobar prvi dojam o vama i va\u0161em poslovanju. U Artcomu se bavimo profesionalnom izradom web stranica koje su prilago\u0111ene va\u0161im specifi\u010dnim potrebama i ciljevima. S vi\u0161e od 10 godina iskustva, na\u0161 tim stru\u010dnjaka koristi najnovije tehnologije i trendove kako bi vam pru\u017eio modernu, responzivnu i SEO optimiziranu web stranicu. Bez obzira na to da li vam treba jednostavna stranica za prezentaciju ili kompleksna e-commerce platforma, osiguravamo intuitivan dizajn i vrhunsku funkcionalnost. Radili smo za dr\u017eavne institucije, razne obrte i udruge, \u0161to nam daje jedinstvenu perspektivu i ekspertizu da va\u0161u viziju pretvorimo u stvarnost.<\/p>\t\t\t\t\t\t\t\t<\/div>\n\t\t\t\t<\/div>\n\t\t\t\t<div class=\"elementor-element elementor-element-13b31f7 elementor-widget elementor-widget-button\" data-id=\"13b31f7\" data-element_type=\"widget\" data-e-type=\"widget\" data-widget_type=\"button.default\">\n\t\t\t\t<div class=\"elementor-widget-container\">\n\t\t\t\t\t\t\t\t\t<div class=\"elementor-button-wrapper\">\n\t\t\t\t\t<a class=\"elementor-button elementor-button-link elementor-size-sm\" href=\"https:\/\/artcom.hr\/en\/kontakt\/\">\n\t\t\t\t\t\t<span class=\"elementor-button-content-wrapper\">\n\t\t\t\t\t\t\t\t\t<span class=\"elementor-button-text\">Naru\u010dite uslugu<\/span>\n\t\t\t\t\t<\/span>\n\t\t\t\t\t<\/a>\n\t\t\t\t<\/div>\n\t\t\t\t\t\t\t\t<\/div>\n\t\t\t\t<\/div>\n\t\t\t\t<\/div>\n\t\t\t\t\t<\/div>\n\t\t\t\t<\/div>\n\t\t<div class=\"elementor-element elementor-element-b54d1c4 e-flex e-con-boxed e-con e-parent\" data-id=\"b54d1c4\" data-element_type=\"container\" data-e-type=\"container\" data-settings=\"{&quot;background_background&quot;:&quot;classic&quot;}\">\n\t\t\t\t\t<div class=\"e-con-inner\">\n\t\t<div class=\"elementor-element elementor-element-0927b02 e-con-full e-flex e-con e-child\" data-id=\"0927b02\" data-element_type=\"container\" data-e-type=\"container\">\n\t\t\t\t<div class=\"elementor-element elementor-element-2c71abf elementor-widget elementor-widget-heading\" data-id=\"2c71abf\" data-element_type=\"widget\" data-e-type=\"widget\" data-widget_type=\"heading.default\">\n\t\t\t\t<div class=\"elementor-widget-container\">\n\t\t\t\t\t<h2 class=\"elementor-heading-title elementor-size-default\">Digitalni Marketing<\/h2>\t\t\t\t<\/div>\n\t\t\t\t<\/div>\n\t\t\t\t<div class=\"elementor-element elementor-element-d11db5e elementor-widget elementor-widget-text-editor\" data-id=\"d11db5e\" data-element_type=\"widget\" data-e-type=\"widget\" data-widget_type=\"text-editor.default\">\n\t\t\t\t<div class=\"elementor-widget-container\">\n\t\t\t\t\t\t\t\t\t<p>U Artcomu nudimo sveobuhvatne usluge digitalnog marketinga koje \u0107e va\u0161em poslovanju omogu\u0107iti da se istakne u online svijetu. S vi\u0161e od 10 godina iskustva, na\u0161 tim stru\u010dnjaka koristi najnovije strategije i alate za pove\u0107anje vidljivosti, anga\u017emana i prodaje. Nudimo usluge SEO optimizacije, PPC ogla\u0161avanja, content marketinga, upravljanja dru\u0161tvenim mre\u017eama i email marketinga. Bez obzira na va\u0161u industriju ili ciljnu publiku, kreiramo prilago\u0111ene marketin\u0161ke kampanje koje donose rezultate. Radili smo za dr\u017eavne institucije, razne obrte i udruge, \u0161to nam daje \u0161irok spektar iskustva za uspje\u0161nu provedbu va\u0161ih marketin\u0161kih ciljeva.<\/p>\t\t\t\t\t\t\t\t<\/div>\n\t\t\t\t<\/div>\n\t\t\t\t<div class=\"elementor-element elementor-element-a07ac4b elementor-widget elementor-widget-button\" data-id=\"a07ac4b\" data-element_type=\"widget\" data-e-type=\"widget\" data-widget_type=\"button.default\">\n\t\t\t\t<div class=\"elementor-widget-container\">\n\t\t\t\t\t\t\t\t\t<div class=\"elementor-button-wrapper\">\n\t\t\t\t\t<a class=\"elementor-button elementor-button-link elementor-size-sm\" href=\"https:\/\/artcom.hr\/en\/kontakt\/\">\n\t\t\t\t\t\t<span class=\"elementor-button-content-wrapper\">\n\t\t\t\t\t\t\t\t\t<span class=\"elementor-button-text\">Naru\u010dite uslugu<\/span>\n\t\t\t\t\t<\/span>\n\t\t\t\t\t<\/a>\n\t\t\t\t<\/div>\n\t\t\t\t\t\t\t\t<\/div>\n\t\t\t\t<\/div>\n\t\t\t\t<\/div>\n\t\t<div class=\"elementor-element elementor-element-c3f6588 e-con-full e-flex e-con e-child\" data-id=\"c3f6588\" data-element_type=\"container\" data-e-type=\"container\">\n\t\t\t\t<div class=\"elementor-element elementor-element-dce4795 elementor-invisible elementor-widget elementor-widget-image\" data-id=\"dce4795\" data-element_type=\"widget\" data-e-type=\"widget\" data-settings=\"{&quot;_animation&quot;:&quot;fadeInRight&quot;}\" data-widget_type=\"image.default\">\n\t\t\t\t<div class=\"elementor-widget-container\">\n\t\t\t\t\t\t\t\t\t\t\t\t\t\t\t<img decoding=\"async\" width=\"848\" height=\"477\" src=\"https:\/\/artcom.hr\/wp-content\/uploads\/2024\/06\/digitalni-marketing.avif\" class=\"attachment-full size-full wp-image-470\" alt=\"- Artcom\" title=\"Artcom\">\t\t\t\t\t\t\t\t\t\t\t\t\t\t\t<\/div>\n\t\t\t\t<\/div>\n\t\t\t\t<\/div>\n\t\t\t\t\t<\/div>\n\t\t\t\t<\/div>\n\t\t<div class=\"elementor-element elementor-element-7b4e96e e-flex e-con-boxed e-con e-parent\" data-id=\"7b4e96e\" data-element_type=\"container\" data-e-type=\"container\">\n\t\t\t\t\t<div class=\"e-con-inner\">\n\t\t<div class=\"elementor-element elementor-element-285eddd e-con-full e-flex e-con e-child\" data-id=\"285eddd\" data-element_type=\"container\" data-e-type=\"container\">\n\t\t\t\t<div class=\"elementor-element elementor-element-8c5e6d2 elementor-invisible elementor-widget elementor-widget-image\" data-id=\"8c5e6d2\" data-element_type=\"widget\" data-e-type=\"widget\" data-settings=\"{&quot;_animation&quot;:&quot;fadeInLeft&quot;}\" data-widget_type=\"image.default\">\n\t\t\t\t<div class=\"elementor-widget-container\">\n\t\t\t\t\t\t\t\t\t\t\t\t\t\t\t<img decoding=\"async\" width=\"665\" height=\"360\" src=\"https:\/\/artcom.hr\/wp-content\/uploads\/2024\/06\/comsoft2.jpg\" class=\"attachment-large size-large wp-image-478\" alt=\"- Artcom\" srcset=\"https:\/\/artcom.hr\/wp-content\/uploads\/2024\/06\/comsoft2.jpg 665w, https:\/\/artcom.hr\/wp-content\/uploads\/2024\/06\/comsoft2-600x325.jpg 600w, https:\/\/artcom.hr\/wp-content\/uploads\/2024\/06\/comsoft2-300x162.jpg 300w, https:\/\/artcom.hr\/wp-content\/uploads\/2024\/06\/comsoft2-18x10.jpg 18w\" sizes=\"(max-width: 665px) 100vw, 665px\" title=\"Artcom\">\t\t\t\t\t\t\t\t\t\t\t\t\t\t\t<\/div>\n\t\t\t\t<\/div>\n\t\t\t\t<\/div>\n\t\t<div class=\"elementor-element elementor-element-5c547f3 e-con-full e-flex e-con e-child\" data-id=\"5c547f3\" data-element_type=\"container\" data-e-type=\"container\">\n\t\t\t\t<div class=\"elementor-element elementor-element-87a27ca elementor-widget elementor-widget-heading\" data-id=\"87a27ca\" data-element_type=\"widget\" data-e-type=\"widget\" data-widget_type=\"heading.default\">\n\t\t\t\t<div class=\"elementor-widget-container\">\n\t\t\t\t\t<h2 class=\"elementor-heading-title elementor-size-default\">Popravak ra\u010dunala i instalacija raznog softwera<\/h2>\t\t\t\t<\/div>\n\t\t\t\t<\/div>\n\t\t\t\t<div class=\"elementor-element elementor-element-872deab elementor-widget elementor-widget-text-editor\" data-id=\"872deab\" data-element_type=\"widget\" data-e-type=\"widget\" data-widget_type=\"text-editor.default\">\n\t\t\t\t<div class=\"elementor-widget-container\">\n\t\t\t\t\t\t\t\t\t<p>U Artcomu pru\u017eamo profesionalne usluge popravka ra\u010dunala i instalacije raznog softvera. S vi\u0161e od 10 godina iskustva, na\u0161 tim stru\u010dnjaka brzo i u\u010dinkovito rje\u0161ava sve vrste hardverskih i softverskih problema. Bilo da vam je potreban popravak, nadogradnja sustava ili instalacija novih programa, osiguravamo pouzdanu i brzu uslugu. Radili smo za dr\u017eavne institucije, obrte i udruge, \u0161to nam omogu\u0107uje da se prilagodimo specifi\u010dnim potrebama svakog klijenta. Va\u0161e zadovoljstvo i besprijekoran rad va\u0161ih ure\u0111aja na\u0161 su prioritet.<\/p>\t\t\t\t\t\t\t\t<\/div>\n\t\t\t\t<\/div>\n\t\t\t\t<div class=\"elementor-element elementor-element-a265f54 elementor-widget elementor-widget-button\" data-id=\"a265f54\" data-element_type=\"widget\" data-e-type=\"widget\" data-widget_type=\"button.default\">\n\t\t\t\t<div class=\"elementor-widget-container\">\n\t\t\t\t\t\t\t\t\t<div class=\"elementor-button-wrapper\">\n\t\t\t\t\t<a class=\"elementor-button elementor-button-link elementor-size-sm\" href=\"https:\/\/artcom.hr\/en\/kontakt\/\">\n\t\t\t\t\t\t<span class=\"elementor-button-content-wrapper\">\n\t\t\t\t\t\t\t\t\t<span class=\"elementor-button-text\">Naru\u010dite uslugu<\/span>\n\t\t\t\t\t<\/span>\n\t\t\t\t\t<\/a>\n\t\t\t\t<\/div>\n\t\t\t\t\t\t\t\t<\/div>\n\t\t\t\t<\/div>\n\t\t\t\t<\/div>\n\t\t\t\t\t<\/div>\n\t\t\t\t<\/div>\n\t\t<div class=\"elementor-element elementor-element-711739f e-flex e-con-boxed e-con e-parent\" data-id=\"711739f\" data-element_type=\"container\" data-e-type=\"container\" data-settings=\"{&quot;background_background&quot;:&quot;classic&quot;}\">\n\t\t\t\t\t<div class=\"e-con-inner\">\n\t\t<div class=\"elementor-element elementor-element-16a545c e-con-full e-flex e-con e-child\" data-id=\"16a545c\" data-element_type=\"container\" data-e-type=\"container\">\n\t\t\t\t<div class=\"elementor-element elementor-element-b69145a elementor-widget elementor-widget-heading\" data-id=\"b69145a\" data-element_type=\"widget\" data-e-type=\"widget\" data-widget_type=\"heading.default\">\n\t\t\t\t<div class=\"elementor-widget-container\">\n\t\t\t\t\t<h2 class=\"elementor-heading-title elementor-size-default\">Postavljanje Internet Trgovine<\/h2>\t\t\t\t<\/div>\n\t\t\t\t<\/div>\n\t\t\t\t<div class=\"elementor-element elementor-element-1292c96 elementor-widget elementor-widget-text-editor\" data-id=\"1292c96\" data-element_type=\"widget\" data-e-type=\"widget\" data-widget_type=\"text-editor.default\">\n\t\t\t\t<div class=\"elementor-widget-container\">\n\t\t\t\t\t\t\t\t\t<p>Trebate internet trgovinu koja \u0107e pove\u0107ati va\u0161u prodaju i privu\u0107i nove kupce? Artcom je prava tvrtka za vas! S vi\u0161e od 10 godina iskustva u postavljanju kvalitetnih web trgovina, na\u0161 tim stru\u010dnjaka koristi najnovije tehnologije i trendove za kreiranje modernih, funkcionalnih i SEO optimiziranih webshopova. Bez obzira na va\u0161u industriju ili veli\u010dinu asortimana, osiguravamo intuitivan dizajn, jednostavno upravljanje i sigurnost transakcija. Kontaktirajte nas danas i zapo\u010dnite s izgradnjom uspje\u0161ne online trgovine!<\/p>\t\t\t\t\t\t\t\t<\/div>\n\t\t\t\t<\/div>\n\t\t\t\t<div class=\"elementor-element elementor-element-a057640 elementor-widget elementor-widget-button\" data-id=\"a057640\" data-element_type=\"widget\" data-e-type=\"widget\" data-widget_type=\"button.default\">\n\t\t\t\t<div class=\"elementor-widget-container\">\n\t\t\t\t\t\t\t\t\t<div class=\"elementor-button-wrapper\">\n\t\t\t\t\t<a class=\"elementor-button elementor-button-link elementor-size-sm\" href=\"https:\/\/artcom.hr\/en\/kontakt\/\">\n\t\t\t\t\t\t<span class=\"elementor-button-content-wrapper\">\n\t\t\t\t\t\t\t\t\t<span class=\"elementor-button-text\">Naru\u010dite uslugu<\/span>\n\t\t\t\t\t<\/span>\n\t\t\t\t\t<\/a>\n\t\t\t\t<\/div>\n\t\t\t\t\t\t\t\t<\/div>\n\t\t\t\t<\/div>\n\t\t\t\t<\/div>\n\t\t<div class=\"elementor-element elementor-element-fe07f29 e-con-full e-flex e-con e-child\" data-id=\"fe07f29\" data-element_type=\"container\" data-e-type=\"container\">\n\t\t\t\t<div class=\"elementor-element elementor-element-508b1a1 elementor-invisible elementor-widget elementor-widget-image\" data-id=\"508b1a1\" data-element_type=\"widget\" data-e-type=\"widget\" data-settings=\"{&quot;_animation&quot;:&quot;fadeInRight&quot;}\" data-widget_type=\"image.default\">\n\t\t\t\t<div class=\"elementor-widget-container\">\n\t\t\t\t\t\t\t\t\t\t\t\t\t\t\t<img loading=\"lazy\" decoding=\"async\" width=\"750\" height=\"410\" src=\"https:\/\/artcom.hr\/wp-content\/uploads\/2024\/06\/webshop.jpg\" class=\"attachment-full size-full wp-image-479\" alt=\"- Artcom\" srcset=\"https:\/\/artcom.hr\/wp-content\/uploads\/2024\/06\/webshop.jpg 750w, https:\/\/artcom.hr\/wp-content\/uploads\/2024\/06\/webshop-600x328.jpg 600w, https:\/\/artcom.hr\/wp-content\/uploads\/2024\/06\/webshop-300x164.jpg 300w, https:\/\/artcom.hr\/wp-content\/uploads\/2024\/06\/webshop-18x10.jpg 18w\" sizes=\"(max-width: 750px) 100vw, 750px\" title=\"Artcom\">\t\t\t\t\t\t\t\t\t\t\t\t\t\t\t<\/div>\n\t\t\t\t<\/div>\n\t\t\t\t<\/div>\n\t\t\t\t\t<\/div>\n\t\t\t\t<\/div>\n\t\t\t\t<\/div>","protected":false},"excerpt":{"rendered":"<p>Usluge koje pru\u017eamo Izrada WEB stranica Osmisliti i kreirati \u0107emo va\u0161 virtulni poslovni prostor. Neka va\u0161i klijenti ili kupci steknu [&hellip;]<\/p>\n","protected":false},"author":1,"featured_media":0,"parent":0,"menu_order":0,"comment_status":"closed","ping_status":"closed","template":"","meta":{"site-sidebar-layout":"no-sidebar","site-content-layout":"","ast-site-content-layout":"full-width-container","site-content-style":"default","site-sidebar-style":"default","ast-global-header-display":"","ast-banner-title-visibility":"","ast-main-header-display":"","ast-hfb-above-header-display":"","ast-hfb-below-header-display":"","ast-hfb-mobile-header-display":"","site-post-title":"disabled","ast-breadcrumbs-content":"","ast-featured-img":"disabled","footer-sml-layout":"","ast-disable-related-posts":"","theme-transparent-header-meta":"","adv-header-id-meta":"","stick-header-meta":"","header-above-stick-meta":"","header-main-stick-meta":"","header-below-stick-meta":"","astra-migrate-meta-layouts":"default","ast-page-background-enabled":"default","ast-page-background-meta":{"desktop":{"background-color":"var(--ast-global-color-4)","background-image":"","background-repeat":"repeat","background-position":"center center","background-size":"auto","background-attachment":"scroll","background-type":"","background-media":"","overlay-type":"","overlay-color":"","overlay-opacity":"","overlay-gradient":""},"tablet":{"background-color":"","background-image":"","background-repeat":"repeat","background-position":"center center","background-size":"auto","background-attachment":"scroll","background-type":"","background-media":"","overlay-type":"","overlay-color":"","overlay-opacity":"","overlay-gradient":""},"mobile":{"background-color":"","background-image":"","background-repeat":"repeat","background-position":"center center","background-size":"auto","background-attachment":"scroll","background-type":"","background-media":"","overlay-type":"","overlay-color":"","overlay-opacity":"","overlay-gradient":""}},"ast-content-background-meta":{"desktop":{"background-color":"var(--ast-global-color-5)","background-image":"","background-repeat":"repeat","background-position":"center center","background-size":"auto","background-attachment":"scroll","background-type":"","background-media":"","overlay-type":"","overlay-color":"","overlay-opacity":"","overlay-gradient":""},"tablet":{"background-color":"var(--ast-global-color-5)","background-image":"","background-repeat":"repeat","background-position":"center center","background-size":"auto","background-attachment":"scroll","background-type":"","background-media":"","overlay-type":"","overlay-color":"","overlay-opacity":"","overlay-gradient":""},"mobile":{"background-color":"var(--ast-global-color-5)","background-image":"","background-repeat":"repeat","background-position":"center center","background-size":"auto","background-attachment":"scroll","background-type":"","background-media":"","overlay-type":"","overlay-color":"","overlay-opacity":"","overlay-gradient":""}},"footnotes":""},"class_list":["post-110","page","type-page","status-publish","hentry"],"_links":{"self":[{"href":"https:\/\/artcom.hr\/en\/wp-json\/wp\/v2\/pages\/110","targetHints":{"allow":["GET"]}}],"collection":[{"href":"https:\/\/artcom.hr\/en\/wp-json\/wp\/v2\/pages"}],"about":[{"href":"https:\/\/artcom.hr\/en\/wp-json\/wp\/v2\/types\/page"}],"author":[{"embeddable":true,"href":"https:\/\/artcom.hr\/en\/wp-json\/wp\/v2\/users\/1"}],"replies":[{"embeddable":true,"href":"https:\/\/artcom.hr\/en\/wp-json\/wp\/v2\/comments?post=110"}],"version-history":[{"count":25,"href":"https:\/\/artcom.hr\/en\/wp-json\/wp\/v2\/pages\/110\/revisions"}],"predecessor-version":[{"id":881,"href":"https:\/\/artcom.hr\/en\/wp-json\/wp\/v2\/pages\/110\/revisions\/881"}],"wp:attachment":[{"href":"https:\/\/artcom.hr\/en\/wp-json\/wp\/v2\/media?parent=110"}],"curies":[{"name":"wp","href":"https:\/\/api.w.org\/{rel}","templated":true}]}}